{"id":999,"date":"2015-01-24T17:01:23","date_gmt":"2015-01-24T16:01:23","guid":{"rendered":"http:\/\/blog.katjaundwolfgang.de\/?page_id=999"},"modified":"2016-09-30T13:41:44","modified_gmt":"2016-09-30T11:41:44","slug":"impressum","status":"publish","type":"page","link":"http:\/\/blog.katjaundwolfgang.de\/?page_id=999","title":{"rendered":"Impressum"},"content":{"rendered":"<h4><span style=\"color: #000000; font-size: 1em; line-height: 1.5em;\">Angaben gem\u00e4\u00df \u00a7 5 TMG:<\/span><\/h4>\n<h5><em>Katja Friedrich\u00a0<\/em><br \/>\n<em>Dorfstr. 3<\/em><br \/>\n<em>08396 Waldenburg<\/em><\/h5>\n<h5><b>Kontakt:<\/b><br \/>\n<em>E-Mail:\u00a0<a href=\"mailto:katja.friedrich@kuwf.de\">katja.friedrich@kuwf.de<\/a><\/em><\/h5>\n<h5><strong>Disclaimer<\/strong><\/h5>\n<h5>Inhalt und Werke dieser Website sind urheberrechtlich gesch\u00fctzt. Trotz h\u00f6chster Sorgfalt kann nicht f\u00fcr die Richtigkeit der wiedergegebenen Informationen oder die permanente technische Erreichbarkeit garantiert werden. Es wird keine Haftung f\u00fcr den Inhalt von extern verlinkten Websites \u00fcbernommen. Auf deren Inhalte haben wir keinen Einfluss und distanzieren uns ausdr\u00fccklich. Sollten Sie dennoch etwas an unseren Seiten zu beanstanden haben, bitten wir um einen einfachen entsprechenden Hinweis, damit wir die Inhalte schnellstm\u00f6glich entfernen k\u00f6nnen.<\/h5>\n<h5>Quelle:\u00a0<a title=\"Erstellen Sie Ihr Impressum\" href=\"http:\/\/www.anwalt.de\/vorlage\/impressum-generator.php\">Impressum-Generator von anwalt.de<\/a>\u00a0speziell f\u00fcr Privatperson.<\/h5>\n","protected":false},"excerpt":{"rendered":"<p>Angaben gem\u00e4\u00df \u00a7 5 TMG: Katja Friedrich\u00a0 Dorfstr. 3 08396 Waldenburg Kontakt: E-Mail:\u00a0katja.friedrich@kuwf.de Disclaimer Inhalt und Werke dieser Website sind urheberrechtlich gesch\u00fctzt. Trotz h\u00f6chster Sorgfalt kann nicht f\u00fcr die Richtigkeit der wiedergegebenen Informationen oder die permanente technische Erreichbarkeit garantiert werden. &hellip; <a href=\"http:\/\/blog.katjaundwolfgang.de\/?page_id=999\">Weiterlesen <span class=\"meta-nav\">&rarr;<\/span><\/a><\/p>\n","protected":false},"author":3,"featured_media":0,"parent":0,"menu_order":0,"comment_status":"open","ping_status":"open","template":"","meta":{"footnotes":""},"_links":{"self":[{"href":"http:\/\/blog.katjaundwolfgang.de\/index.php?rest_route=\/wp\/v2\/pages\/999"}],"collection":[{"href":"http:\/\/blog.katjaundwolfgang.de\/index.php?rest_route=\/wp\/v2\/pages"}],"about":[{"href":"http:\/\/blog.katjaundwolfgang.de\/index.php?rest_route=\/wp\/v2\/types\/page"}],"author":[{"embeddable":true,"href":"http:\/\/blog.katjaundwolfgang.de\/index.php?rest_route=\/wp\/v2\/users\/3"}],"replies":[{"embeddable":true,"href":"http:\/\/blog.katjaundwolfgang.de\/index.php?rest_route=%2Fwp%2Fv2%2Fcomments&post=999"}],"version-history":[{"count":8,"href":"http:\/\/blog.katjaundwolfgang.de\/index.php?rest_route=\/wp\/v2\/pages\/999\/revisions"}],"predecessor-version":[{"id":1010,"href":"http:\/\/blog.katjaundwolfgang.de\/index.php?rest_route=\/wp\/v2\/pages\/999\/revisions\/1010"}],"wp:attachment":[{"href":"http:\/\/blog.katjaundwolfgang.de\/index.php?rest_route=%2Fwp%2Fv2%2Fmedia&parent=999"}],"curies":[{"name":"wp","href":"https:\/\/api.w.org\/{rel}","templated":true}]}}